{"id":613,"date":"2020-08-08T19:02:36","date_gmt":"2020-08-08T19:02:36","guid":{"rendered":"https:\/\/www.bymartasebastian.com\/wordpress\/?post_type=product&#038;p=613"},"modified":"2020-08-08T19:02:38","modified_gmt":"2020-08-08T19:02:38","slug":"foxy-el-cesto","status":"publish","type":"product","link":"https:\/\/bymartasebastian.com\/index.php\/producto\/foxy-el-cesto\/","title":{"rendered":"Foxy el Cesto"},"content":{"rendered":"<p>Este cesto es un producto de mi colecci\u00f3n <em>Respeto<\/em>\u00a0de juguetes educativos.<\/p>\n<p>Los materiales utilizados tienen certificaci\u00f3n Oeko-Tex\u00ae Standard 100, esto significa que han sido analizados y no contiene ning\u00fan componente qu\u00edmico nocivo y que son seguros para ser usado en humanos.<\/p>\n<p>100% algod\u00f3n. Es muy agradables al tacto. No contiene piezas pl\u00e1sticas. Se pueden lavar en la lavadora en agua fr\u00eda.<\/p>\n<p>Hecho a mano.<\/p>\n","protected":false},"excerpt":{"rendered":"<p>Foxy es un cesto tejido con cinta de algod\u00f3n. Es un elemento muy vers\u00e1til que despierta la creatividad por su simplicidad fomentando el juego libre.<\/p>\n<p>Los juguetes simples creados a partir de materiales naturales permiten a los ni\u00f1os utilizar activamente su imaginaci\u00f3n durante su juego. Tambi\u00e9n es un adorno divertido, original y pr\u00e1ctico.<\/p>\n<p>Di\u00e1metro de la base 20 cm. Altura 20 cm.<\/p>\n","protected":false},"featured_media":34,"template":"","meta":{"_monsterinsights_skip_tracking":false,"_monsterinsights_sitenote_active":false,"_monsterinsights_sitenote_note":"","_monsterinsights_sitenote_category":0,"ocean_post_layout":"","ocean_both_sidebars_style":"","ocean_both_sidebars_content_width":0,"ocean_both_sidebars_sidebars_width":0,"ocean_sidebar":"0","ocean_second_sidebar":"0","ocean_disable_margins":"enable","ocean_add_body_class":"","ocean_shortcode_before_top_bar":"","ocean_shortcode_after_top_bar":"","ocean_shortcode_before_header":"","ocean_shortcode_after_header":"","ocean_has_shortcode":"","ocean_shortcode_after_title":"","ocean_shortcode_before_footer_widgets":"","ocean_shortcode_after_footer_widgets":"","ocean_shortcode_before_footer_bottom":"","ocean_shortcode_after_footer_bottom":"","ocean_display_top_bar":"default","ocean_display_header":"default","ocean_header_style":"","ocean_center_header_left_menu":"0","ocean_custom_header_template":"0","ocean_custom_logo":0,"ocean_custom_retina_logo":0,"ocean_custom_logo_max_width":0,"ocean_custom_logo_tablet_max_width":0,"ocean_custom_logo_mobile_max_width":0,"ocean_custom_logo_max_height":0,"ocean_custom_logo_tablet_max_height":0,"ocean_custom_logo_mobile_max_height":0,"ocean_header_custom_menu":"0","ocean_menu_typo_font_family":"0","ocean_menu_typo_font_subset":"","ocean_menu_typo_font_size":0,"ocean_menu_typo_font_size_tablet":0,"ocean_menu_typo_font_size_mobile":0,"ocean_menu_typo_font_size_unit":"px","ocean_menu_typo_font_weight":"","ocean_menu_typo_font_weight_tablet":"","ocean_menu_typo_font_weight_mobile":"","ocean_menu_typo_transform":"","ocean_menu_typo_transform_tablet":"","ocean_menu_typo_transform_mobile":"","ocean_menu_typo_line_height":0,"ocean_menu_typo_line_height_tablet":0,"ocean_menu_typo_line_height_mobile":0,"ocean_menu_typo_line_height_unit":"","ocean_menu_typo_spacing":0,"ocean_menu_typo_spacing_tablet":0,"ocean_menu_typo_spacing_mobile":0,"ocean_menu_typo_spacing_unit":"","ocean_menu_link_color":"","ocean_menu_link_color_hover":"","ocean_menu_link_color_active":"","ocean_menu_link_background":"","ocean_menu_link_hover_background":"","ocean_menu_link_active_background":"","ocean_menu_social_links_bg":"","ocean_menu_social_hover_links_bg":"","ocean_menu_social_links_color":"","ocean_menu_social_hover_links_color":"","ocean_disable_title":"default","ocean_disable_heading":"default","ocean_post_title":"","ocean_post_subheading":"","ocean_post_title_style":"","ocean_post_title_background_color":"","ocean_post_title_background":0,"ocean_post_title_bg_image_position":"","ocean_post_title_bg_image_attachment":"","ocean_post_title_bg_image_repeat":"","ocean_post_title_bg_image_size":"","ocean_post_title_height":0,"ocean_post_title_bg_overlay":0.5,"ocean_post_title_bg_overlay_color":"","ocean_disable_breadcrumbs":"default","ocean_breadcrumbs_color":"","ocean_breadcrumbs_separator_color":"","ocean_breadcrumbs_links_color":"","ocean_breadcrumbs_links_hover_color":"","ocean_display_footer_widgets":"default","ocean_display_footer_bottom":"default","ocean_custom_footer_template":"0"},"product_cat":[70],"product_tag":[],"_links":{"self":[{"href":"https:\/\/bymartasebastian.com\/index.php\/wp-json\/wp\/v2\/product\/613"}],"collection":[{"href":"https:\/\/bymartasebastian.com\/index.php\/wp-json\/wp\/v2\/product"}],"about":[{"href":"https:\/\/bymartasebastian.com\/index.php\/wp-json\/wp\/v2\/types\/product"}],"wp:featuredmedia":[{"embeddable":true,"href":"https:\/\/bymartasebastian.com\/index.php\/wp-json\/wp\/v2\/media\/34"}],"wp:attachment":[{"href":"https:\/\/bymartasebastian.com\/index.php\/wp-json\/wp\/v2\/media?parent=613"}],"wp:term":[{"taxonomy":"product_cat","embeddable":true,"href":"https:\/\/bymartasebastian.com\/index.php\/wp-json\/wp\/v2\/product_cat?post=613"},{"taxonomy":"product_tag","embeddable":true,"href":"https:\/\/bymartasebastian.com\/index.php\/wp-json\/wp\/v2\/product_tag?post=613"}],"curies":[{"name":"wp","href":"https:\/\/api.w.org\/{rel}","templated":true}]}}