{"id":441,"date":"2020-08-02T10:13:01","date_gmt":"2020-08-02T10:13:01","guid":{"rendered":"https:\/\/www.bymartasebastian.com\/wordpress\/?page_id=441"},"modified":"2020-08-02T11:05:36","modified_gmt":"2020-08-02T11:05:36","slug":"politica-de-privacidad","status":"publish","type":"page","link":"http:\/\/bymartasebastian.com\/index.php\/inicio\/politica-de-privacidad\/","title":{"rendered":"Pol\u00edtica de Privacidad"},"content":{"rendered":"\t\t<div data-elementor-type=\"wp-page\" data-elementor-id=\"441\" class=\"elementor elementor-441\">\n\t\t\t\t\t\t<section class=\"elementor-section elementor-top-section elementor-element elementor-element-e35f8f4 elementor-section-boxed elementor-section-height-default elementor-section-height-default\" data-id=\"e35f8f4\" data-element_type=\"section\">\n\t\t\t\t\t\t<div class=\"elementor-container elementor-column-gap-default\">\n\t\t\t\t\t<div class=\"elementor-column elementor-col-100 elementor-top-column elementor-element elementor-element-86ae3fc\" data-id=\"86ae3fc\" data-element_type=\"column\">\n\t\t\t<div class=\"elementor-widget-wrap elementor-element-populated\">\n\t\t\t\t\t\t<div class=\"elementor-element elementor-element-cb30715 elementor-widget elementor-widget-heading\" data-id=\"cb30715\" data-element_type=\"widget\" data-widget_type=\"heading.default\">\n\t\t\t\t<div class=\"elementor-widget-container\">\n\t\t\t\t\t<h2 class=\"elementor-heading-title elementor-size-default\">Pol\u00edtica de Privacidad<\/h2>\t\t\t\t<\/div>\n\t\t\t\t<\/div>\n\t\t\t\t\t<\/div>\n\t\t<\/div>\n\t\t\t\t\t<\/div>\n\t\t<\/section>\n\t\t\t\t<section class=\"elementor-section elementor-top-section elementor-element elementor-element-b0306ff elementor-section-boxed elementor-section-height-default elementor-section-height-default\" data-id=\"b0306ff\" data-element_type=\"section\">\n\t\t\t\t\t\t<div class=\"elementor-container elementor-column-gap-default\">\n\t\t\t\t\t<div class=\"elementor-column elementor-col-100 elementor-top-column elementor-element elementor-element-1620d8d\" data-id=\"1620d8d\" data-element_type=\"column\">\n\t\t\t<div class=\"elementor-widget-wrap elementor-element-populated\">\n\t\t\t\t\t\t<div class=\"elementor-element elementor-element-86eb884 elementor-widget elementor-widget-text-editor\" data-id=\"86eb884\" data-element_type=\"widget\" data-widget_type=\"text-editor.default\">\n\t\t\t\t<div class=\"elementor-widget-container\">\n\t\t\t\t\t\t\t\t\t<p>La presente Pol\u00edtica de Privacidad establece las condiciones para el tratamiento de los datos personales que usted nos proporcione a trav\u00e9s de nuestro Espacio Web http:\/\/www.bymartasebastian.com.<br \/><br \/>Condiciones:<br \/><br \/>a) Todos los datos de car\u00e1cter personal facilitados ser\u00e1n tratados por \u00e9sta de acuerdo con Ley Org\u00e1nica 3\/2018 de 5 de diciembre, de Protecci\u00f3n de Datos Personales y garant\u00eda de los derechos digitales, y Reglamento (UE) 2016\/679 (Reglamento General de Protecci\u00f3n de Datos), quedando incorporados en nuestros ficheros, los cuales han sido debidamente registrados en la Agencia Espa\u00f1ola de Protecci\u00f3n de Datos.<br \/><br \/>b) Los datos son recabados bien para el acceso a nuestra zona privada, en su condici\u00f3n de usuario, o bien para realizar correctamente el proceso de compra-venta. En esta labor de informaci\u00f3n usted acepta recibir comunicaciones informativas y publicitarias, relacionadas con la actividad de bymartasebastian.com, a trav\u00e9s de nuestros canales ordinarios de comunicaci\u00f3n.<br \/><br \/>c) En la recogida y el tratamiento de los datos de car\u00e1cter personal se han adoptado las medidas de seguridad adecuadas para evitar la p\u00e9rdida, el acceso no autorizado o la manipulaci\u00f3n de los mismos.<br \/><br \/>d) En ning\u00fan caso emplearemos los datos de car\u00e1cter personal que usted, como usuario, ponga a nuestra disposici\u00f3n para prestar servicios a terceros distintos a los referidos en el apartado b) de la presente Pol\u00edtica de Privacidad o, en su caso, para lograr una utilidad propia.<br \/><br \/>e) El Usuario certifica que es mayor de 13 a\u00f1os y que por lo tanto posee la capacidad legal necesaria para la prestaci\u00f3n del consentimiento en cuenta al tratamiento de sus datos de car\u00e1cter personal y todo ello, de conformidad con lo establecido en la presente Pol\u00edtica de Privacidad. En el caso de tener menos de la edad indicada necesitar\u00e1 el consentimiento del padre\/madre\/tutor.<br \/><br \/>f) El Usuario puede, en todo momento, ejercitar los derechos de acceso, rectificaci\u00f3n, cancelaci\u00f3n y oposici\u00f3n sobre sus datos personales, enviando comunicaci\u00f3n motivada a lopd@bymartasebastian.com, haciendo constar claramente los datos de contacto, a la cual deber\u00e1 acompa\u00f1arse documento que acredite su identidad.<br \/><br \/>g) El Usuario reconoce haber sido informado con transparencia y claridad sobre el uso y tratamiento de los personales suministrados en los t\u00e9rminos indicados, y autoriza inequ\u00edvocamente a la empresa a trav\u00e9s del marcado de la casilla correspondiente para el env\u00edo de la informaci\u00f3n. Para ello pulse el bot\u00f3n \u201cEnviar\u201d que se encuentra tras el formulario de recogida de datos, tras el marcado de la casilla de A<em>cepto la Pol\u00edtica de Privacidad<\/em>.\u00e7<\/p><p>\u00a0<\/p><p><a href=\"http:\/\/bymartasebastian.com\/\">Volver a ByMartaSebastian.com<\/a><\/p>\t\t\t\t\t\t\t\t<\/div>\n\t\t\t\t<\/div>\n\t\t\t\t\t<\/div>\n\t\t<\/div>\n\t\t\t\t\t<\/div>\n\t\t<\/section>\n\t\t\t\t<\/div>\n\t\t","protected":false},"excerpt":{"rendered":"<p>Pol\u00edtica de Privacidad La presente Pol\u00edtica de Privacidad establece las condiciones para el tratamiento de los datos personales que usted nos proporcione a trav\u00e9s de nuestro Espacio Web http:\/\/www.bymartasebastian.com. Condiciones: a) Todos los datos de car\u00e1cter personal facilitados ser\u00e1n tratados por \u00e9sta de acuerdo con Ley Org\u00e1nica 3\/2018 de 5 de diciembre, de Protecci\u00f3n de [&hellip;]<\/p>\n","protected":false},"author":1,"featured_media":0,"parent":13,"menu_order":0,"comment_status":"closed","ping_status":"closed","template":"","meta":{"_monsterinsights_skip_tracking":false,"_monsterinsights_sitenote_active":false,"_monsterinsights_sitenote_note":"","_monsterinsights_sitenote_category":0,"ocean_post_layout":"","ocean_both_sidebars_style":"","ocean_both_sidebars_content_width":0,"ocean_both_sidebars_sidebars_width":0,"ocean_sidebar":"0","ocean_second_sidebar":"0","ocean_disable_margins":"enable","ocean_add_body_class":"","ocean_shortcode_before_top_bar":"","ocean_shortcode_after_top_bar":"","ocean_shortcode_before_header":"","ocean_shortcode_after_header":"","ocean_has_shortcode":"","ocean_shortcode_after_title":"","ocean_shortcode_before_footer_widgets":"","ocean_shortcode_after_footer_widgets":"","ocean_shortcode_before_footer_bottom":"","ocean_shortcode_after_footer_bottom":"","ocean_display_top_bar":"default","ocean_display_header":"default","ocean_header_style":"","ocean_center_header_left_menu":"0","ocean_custom_header_template":"0","ocean_custom_logo":0,"ocean_custom_retina_logo":0,"ocean_custom_logo_max_width":0,"ocean_custom_logo_tablet_max_width":0,"ocean_custom_logo_mobile_max_width":0,"ocean_custom_logo_max_height":0,"ocean_custom_logo_tablet_max_height":0,"ocean_custom_logo_mobile_max_height":0,"ocean_header_custom_menu":"0","ocean_menu_typo_font_family":"0","ocean_menu_typo_font_subset":"","ocean_menu_typo_font_size":0,"ocean_menu_typo_font_size_tablet":0,"ocean_menu_typo_font_size_mobile":0,"ocean_menu_typo_font_size_unit":"px","ocean_menu_typo_font_weight":"","ocean_menu_typo_font_weight_tablet":"","ocean_menu_typo_font_weight_mobile":"","ocean_menu_typo_transform":"","ocean_menu_typo_transform_tablet":"","ocean_menu_typo_transform_mobile":"","ocean_menu_typo_line_height":0,"ocean_menu_typo_line_height_tablet":0,"ocean_menu_typo_line_height_mobile":0,"ocean_menu_typo_line_height_unit":"","ocean_menu_typo_spacing":0,"ocean_menu_typo_spacing_tablet":0,"ocean_menu_typo_spacing_mobile":0,"ocean_menu_typo_spacing_unit":"","ocean_menu_link_color":"","ocean_menu_link_color_hover":"","ocean_menu_link_color_active":"","ocean_menu_link_background":"","ocean_menu_link_hover_background":"","ocean_menu_link_active_background":"","ocean_menu_social_links_bg":"","ocean_menu_social_hover_links_bg":"","ocean_menu_social_links_color":"","ocean_menu_social_hover_links_color":"","ocean_disable_title":"on","ocean_disable_heading":"default","ocean_post_title":"","ocean_post_subheading":"","ocean_post_title_style":"","ocean_post_title_background_color":"","ocean_post_title_background":0,"ocean_post_title_bg_image_position":"","ocean_post_title_bg_image_attachment":"","ocean_post_title_bg_image_repeat":"","ocean_post_title_bg_image_size":"","ocean_post_title_height":0,"ocean_post_title_bg_overlay":0.5,"ocean_post_title_bg_overlay_color":"","ocean_disable_breadcrumbs":"default","ocean_breadcrumbs_color":"","ocean_breadcrumbs_separator_color":"","ocean_breadcrumbs_links_color":"","ocean_breadcrumbs_links_hover_color":"","ocean_display_footer_widgets":"default","ocean_display_footer_bottom":"default","ocean_custom_footer_template":"0","footnotes":""},"_links":{"self":[{"href":"http:\/\/bymartasebastian.com\/index.php\/wp-json\/wp\/v2\/pages\/441"}],"collection":[{"href":"http:\/\/bymartasebastian.com\/index.php\/wp-json\/wp\/v2\/pages"}],"about":[{"href":"http:\/\/bymartasebastian.com\/index.php\/wp-json\/wp\/v2\/types\/page"}],"author":[{"embeddable":true,"href":"http:\/\/bymartasebastian.com\/index.php\/wp-json\/wp\/v2\/users\/1"}],"replies":[{"embeddable":true,"href":"http:\/\/bymartasebastian.com\/index.php\/wp-json\/wp\/v2\/comments?post=441"}],"version-history":[{"count":4,"href":"http:\/\/bymartasebastian.com\/index.php\/wp-json\/wp\/v2\/pages\/441\/revisions"}],"predecessor-version":[{"id":453,"href":"http:\/\/bymartasebastian.com\/index.php\/wp-json\/wp\/v2\/pages\/441\/revisions\/453"}],"up":[{"embeddable":true,"href":"http:\/\/bymartasebastian.com\/index.php\/wp-json\/wp\/v2\/pages\/13"}],"wp:attachment":[{"href":"http:\/\/bymartasebastian.com\/index.php\/wp-json\/wp\/v2\/media?parent=441"}],"curies":[{"name":"wp","href":"https:\/\/api.w.org\/{rel}","templated":true}]}}